{"id":3075,"date":"2025-10-16T14:31:10","date_gmt":"2025-10-16T12:31:10","guid":{"rendered":"https:\/\/easylearning.eu\/?page_id=3075"},"modified":"2026-05-05T08:22:08","modified_gmt":"2026-05-05T06:22:08","slug":"atelier-en-presentiel","status":"publish","type":"page","link":"https:\/\/easylearning.eu\/en\/atelier-en-presentiel\/","title":{"rendered":"Atelier en Pr\u00e9sentiel"},"content":{"rendered":"<section class=\"section dark has-parallax\" id=\"section_1111102724\">\n\t\t<div class=\"bg section-bg fill bg-fill\" data-parallax-container=\".section\" data-parallax-background data-parallax=\"-2\">\n\n\t\t\t\n\t\t\t\n\t\t\t\n\n\t\t<\/div><!-- .section-bg -->\n\n\t\t<div class=\"section-content relative\">\n\t\t\t\n<div class=\"row\"  id=\"row-874365646\">\n<div class=\"col small-12 large-12\"  ><div class=\"col-inner\"  >\n<h1 style=\"text-align: center;\">Formations IA en Pr\u00e9sentiel\u00a0<\/h1>\n<p>\u00a0<\/p>\n<h1 style=\"text-align: center;\">Approfondissez vos connaissances gr\u00e2ce \u00e0 nos ateliers pratique\u00a0<\/h1>\n<\/div><\/div>\n<\/div>\n\t\t<\/div><!-- .section-content -->\n\n\t\t\n<style scope=\"scope\">\n\n#section_1111102724 {\n  padding-top: 56px;\n  padding-bottom: 56px;\n  margin-bottom: -33px;\n  background-color: rgb(37, 171, 212);\n}\n#section_1111102724 .section-bg.bg-loaded {\n  background-image: url(https:\/\/easylearning.eu\/wp-content\/uploads\/2022\/08\/image-easy-learning.png);\n}\n#section_1111102724 .section-bg {\n  background-position: 63%37%;\n}\n<\/style>\n\t<\/section>\n\t\n<div class=\"gap-element\" style=\"display:block; height:auto; padding-top:80px\"><\/div>\n<div class=\"message-box relative\" style=\"padding-top:14px;padding-bottom:14px;\"><div class=\"message-box-bg-image bg-fill fill\" ><\/div><div class=\"message-box-bg-overlay bg-fill fill\" ><\/div><div class=\"container relative\"><div class=\"inner last-reset\">\n<div class=\"row align-middle align-center\"  id=\"row-1622917783\">\n<div class=\"col medium-9 small-12 large-9\"  ><div class=\"col-inner\"  >\n<h3><span style=\"color: #07a9d6;\">Formations 2026 :<\/span><\/h3>\n<p><a href=\"#IA1\">Les super-pouvoirs de l\u2019IA au service de votre entreprise (sans pr\u00e9requis)<\/a><\/p>\n<p><a href=\"#IA2\">Les super-pouvoirs de l\u2019IA au service de votre entreprise (avec pr\u00e9requis)\u00a0<\/a><\/p>\n<\/div><\/div>\n<div class=\"col medium-2 small-12 large-2\"  ><div class=\"col-inner text-center\"  >\n<\/div><\/div>\n\n<style scope=\"scope\">\n\n<\/style>\n<\/div>\n<\/div><\/div><\/div>\n<span class=\"scroll-to\" data-label=\"Scroll to: #IA1\" data-bullet=\"true\" data-link=\"#IA1\" data-title=\"Les super-pouvoirs de l\u2019IA au service de votre entreprise (sans pr\u00e9requis)\"><a name=\"IA1\"><\/a><\/span>\n<div class=\"text-center\"><div class=\"is-divider divider clearfix\" style=\"max-width:631px;background-color:rgb(7, 169, 214);\"><\/div><\/div><!-- .divider -->\n<div class=\"message-box relative\" style=\"padding-top:15px;padding-bottom:15px;\"><div class=\"message-box-bg-image bg-fill fill\" ><\/div><div class=\"message-box-bg-overlay bg-fill fill\" ><\/div><div class=\"container relative\"><div class=\"inner last-reset\">\n<div class=\"row align-middle align-center\"  id=\"row-299370039\">\n<div class=\"col medium-9 small-12 large-9\"  ><div class=\"col-inner\"  >\n<h3><span style=\"color: #07a9d6;\">Les super-pouvoirs de l\u2019IA au service de votre entreprise (sans pr\u00e9requis)\u00a0<\/span><\/h3>\n<p><span style=\"font-size: 90%;\">Une session d\u00e9couverte 100 % pratique pour ma\u00eetriser l\u2019essentiel de l\u2019IA g\u00e9n\u00e9rative et l\u2019int\u00e9grer imm\u00e9diatement dans votre quotidien professionnel. \u00c0 partir de vos t\u00e2ches chronophages, nous transformons des cas concrets en livrables directement exploitables : e-mails, synth\u00e8ses, plans d\u2019action, proc\u00e9dures. Vous d\u00e9couvrez les forces et limites de l\u2019IA et surtout les techniques de prompting qui font la diff\u00e9rence : cadrer le contexte, imposer un format, g\u00e9n\u00e9rer plusieurs options, affiner les r\u00e9sultats, contr\u00f4ler la qualit\u00e9 et ajuster le ton.<\/span><\/p>\n<p><span style=\"color: #07a9d6; font-size: 90%;\">Objectifs:<\/span><\/p>\n<ul>\n<li>\n<p><span style=\"font-size: 90%;\">G\u00e9n\u00e9rer et utiliser des prompts efficaces, adapt\u00e9s \u00e0 vos situations de travail concr\u00e8te<\/span><\/p>\n<\/li>\n<li>\n<p><span style=\"font-size: 90%;\">Comprendre et ma\u00eetriser les techniques de prompting pour obtenir des r\u00e9sultats pr\u00e9cis, structur\u00e9s, au bon format et au bon ton<\/span><\/p>\n<\/li>\n<li>\n<p><span style=\"font-size: 90%;\">Exploiter l\u2019IA pour produire rapidement des livrables professionnels : e-mails, synth\u00e8ses, proc\u00e9dures, plans d\u2019action<\/span><\/p>\n<\/li>\n<li>\n<p><span style=\"font-size: 90%;\">Identifier les limites de l\u2019IA et adopter les bons r\u00e9flexes de fiabilit\u00e9 dans vos usages quotidiens<\/span><\/p>\n<\/li>\n<\/ul>\n<p><span style=\"font-size: 90%;\"><span style=\"color: #07a9d6;\">Format :<\/span> Pr\u00e9sentiel &#8211; Atelier pratique \u00e0 destination de toute personne souhaitant utiliser l\u2019IA dans son activit\u00e9 sans pr\u00e9requis technique<\/span><\/p>\n<p><span style=\"font-size: 90%;\"><span style=\"color: #07a9d6;\">Pr\u00e9requis<\/span> : Aucun<\/span><\/p>\n<p><span style=\"font-size: 90%;\"><span style=\"color: #07a9d6;\">Promesse :<\/span> <strong data-start=\"481\" data-end=\"560\">3 heures pour passer de la d\u00e9couverte \u00e0 l\u2019usage concret de l\u2019IA g\u00e9n\u00e9rative.<\/strong><\/span><br data-start=\"560\" data-end=\"563\" \/><span style=\"font-size: 90%;\">Cas r\u00e9els, exercices guid\u00e9s et prompts pr\u00eats \u00e0 l\u2019emploi pour des r\u00e9sultats imm\u00e9diatement exploitables au travail.<\/span><\/p>\n<\/div><\/div>\n<div class=\"col medium-2 small-12 large-2\"  ><div class=\"col-inner text-center\"  >\n<p><span style=\"font-size: 90%;\"><span style=\"color: #07a9d6;\">Dates et lieu :\u00a0<\/span><\/span><br \/><span style=\"font-size: 90%;\">04\/06\/2026<\/span><\/p>\n<p><span style=\"font-size: 90%;\">9h-12h<\/span><br \/><span style=\"font-size: 90%;\">Bascharage<\/span><\/p>\n<p><span style=\"font-size: 90%;\"><span style=\"color: #07a9d6;\">Language<br \/><\/span>French<\/span><\/p>\n<p><span style=\"font-size: 90%;\"><span style=\"color: #07a9d6;\">Contribution<br \/><\/span>380 \u20ac HTVA\u00a0<\/span><\/p>\n<p>\u00a0<\/p>\n<a rel=\"noopener noreferrer\" href=\"https:\/\/www.arcad.support\/CRM_arcad?page=2&#038;frm=222;226;230;232;234;223;227;236;224;228;238;235;233;231;237;225;229;239;244\" target=\"_blank\" class=\"button primary is-outline\"  style=\"border-radius:99px;\">\n    <span>Inscription<\/span>\n  <\/a>\n\n<\/div><\/div>\n\n<style scope=\"scope\">\n\n<\/style>\n<\/div>\n<\/div><\/div><\/div>\n<span class=\"scroll-to\" data-label=\"Scroll to: #IA2\" data-bullet=\"true\" data-link=\"#IA2\" data-title=\"Les super-pouvoirs de l\u2019IA au service de votre entreprise (avec pr\u00e9requis)\"><a name=\"IA2\"><\/a><\/span>\n<div class=\"text-center\"><div class=\"is-divider divider clearfix\" style=\"max-width:631px;background-color:rgb(7, 169, 214);\"><\/div><\/div><!-- .divider -->\n<div class=\"message-box relative\" style=\"padding-top:15px;padding-bottom:15px;\"><div class=\"message-box-bg-image bg-fill fill\" ><\/div><div class=\"message-box-bg-overlay bg-fill fill\" ><\/div><div class=\"container relative\"><div class=\"inner last-reset\">\n<div class=\"row align-middle align-center\"  id=\"row-1436341376\">\n<div class=\"col medium-9 small-12 large-9\"  ><div class=\"col-inner\"  >\n<h3><span style=\"color: #07a9d6;\">Les super-pouvoirs de l\u2019IA au service de votre entreprise (avec pr\u00e9requis)\u00a0<br \/><span style=\"font-size: 90%;\">Cr\u00e9ez votre assistant personnalis\u00e9 (agent IA)<\/span><\/span><\/h3>\n<p><span style=\"font-size: 90%;\">Vous utilisez d\u00e9j\u00e0 l\u2019IA g\u00e9n\u00e9rative : cet atelier vous fait passer \u00e0 l\u2019\u00e9tape sup\u00e9rieure en cr\u00e9ant votre assistant IA personnalis\u00e9, directement align\u00e9 sur vos besoins m\u00e9tier. <\/span><span style=\"font-size: 90%;\">Vous apprenez ce qui distingue un v\u00e9ritable agent IA d\u2019un simple chat : d\u00e9finition du r\u00f4le, consignes claires, formats attendus, limites d\u2019usage et crit\u00e8res de fiabilit\u00e9, pour un assistant coh\u00e9rent, r\u00e9utilisable et ma\u00eetris\u00e9. <\/span><span style=\"font-size: 90%;\">L\u2019atelier est r\u00e9solument pratique : vous choisissez un cas concret (brief &amp; synth\u00e8se, r\u00e9daction professionnelle, proc\u00e9dures ou check-lists), configurez votre assistant pas \u00e0 pas, puis le testez sur des situations r\u00e9elles afin d\u2019en am\u00e9liorer la pr\u00e9cision, la coh\u00e9rence et le style.<\/span><\/p>\n<p><span style=\"color: #07a9d6; font-size: 90%;\">Objectifs:<\/span><\/p>\n<ul>\n<li>\n<p><span style=\"font-size: 90%;\">Distinguer un simple chat d\u2019un assistant IA personnalis\u00e9 (agent IA) et comprendre ses composants essentiels<\/span><\/p>\n<\/li>\n<li>\n<p><span style=\"font-size: 90%;\">D\u00e9finir une mission claire, des r\u00e8gles, des limites d\u2019usage et des formats de sortie standardis\u00e9s<\/span><\/p>\n<\/li>\n<li>\n<p><span style=\"font-size: 90%;\">Tester et am\u00e9liorer votre assistant IA sur des cas r\u00e9els afin d\u2019en renforcer la coh\u00e9rence, la pr\u00e9cision et le style<\/span><\/p>\n<\/li>\n<li>\n<p><span style=\"font-size: 90%;\">Cr\u00e9er des templates r\u00e9utilisables et une checklist qualit\u00e9 pour s\u00e9curiser et p\u00e9renniser vos usages<\/span><\/p>\n<\/li>\n<\/ul>\n<p><span style=\"font-size: 90%;\"><span style=\"color: #07a9d6;\">Format :<\/span> Pr\u00e9sentiel &#8211; Atelier pratique \u00e0 destination de toute personne ayant acquis les bases de l&rsquo;IA et souhaitant un usage plus structur\u00e9 et reproductible<\/span><\/p>\n<p><span style=\"color: #07a9d6; font-size: 90%;\">Pr\u00e9requis<br \/><\/span><span style=\"font-size: 90%;\">Avoir suivi : \u201cLes super-pouvoirs de l\u2019IA au service de votre entreprise (sans pr\u00e9requis)\u201d OU une formation de base sur l&rsquo;IA<br \/><\/span><span style=\"font-size: 90%;\">Disposer d&rsquo;un compte IA payant (ChatGPT\/Copilot)\u00a0<\/span><\/p>\n<p><span style=\"font-size: 90%;\"><span style=\"color: #07a9d6;\">Promesse :<\/span> <strong data-start=\"481\" data-end=\"560\">Passez du chat ponctuel \u00e0 votre assistant IA m\u00e9tier.<br \/><\/strong>En un atelier pratique, concevez un agent IA structur\u00e9, fiable et r\u00e9utilisable, pr\u00eat \u00e0 l\u2019emploi sur vos cas professionnels.<\/span><\/p>\n<\/div><\/div>\n<div class=\"col medium-2 small-12 large-2\"  ><div class=\"col-inner text-center\"  >\n<p><span style=\"font-size: 90%;\"><span style=\"color: #07a9d6;\">Dates et lieu :\u00a0<\/span><\/span><br \/><span style=\"font-size: 90%;\">04\/06\/2026<\/span><\/p>\n<p><span style=\"font-size: 90%;\">13h-16h<\/span><br \/><span style=\"font-size: 90%;\">Bascharage<\/span><\/p>\n<p><span style=\"font-size: 90%;\"><span style=\"color: #07a9d6;\">Language<br \/><\/span>French<\/span><\/p>\n<p><span style=\"font-size: 90%;\"><span style=\"color: #07a9d6;\">Contribution<br \/><\/span>380 \u20ac HTVA\u00a0<\/span><\/p>\n<p>\u00a0<\/p>\n<a rel=\"noopener noreferrer\" href=\"https:\/\/www.arcad.support\/CRM_arcad?page=2&#038;frm=222;226;230;232;234;223;227;236;224;228;238;235;233;231;237;225;229;239;244\" target=\"_blank\" class=\"button primary is-outline\"  style=\"border-radius:99px;\">\n    <span>Inscription<\/span>\n  <\/a>\n\n<\/div><\/div>\n\n<style scope=\"scope\">\n\n<\/style>\n<\/div>\n<\/div><\/div><\/div>\n<div class=\"gap-element\" style=\"display:block; height:auto; padding-top:80px\"><\/div>","protected":false},"excerpt":{"rendered":"","protected":false},"author":25359,"featured_media":0,"parent":0,"menu_order":0,"comment_status":"closed","ping_status":"closed","template":"page-blank.php","meta":{"_monsterinsights_skip_tracking":false,"_monsterinsights_sitenote_active":false,"_monsterinsights_sitenote_note":"","_monsterinsights_sitenote_category":0,"footnotes":""},"class_list":["post-3075","page","type-page","status-publish","hentry"],"_links":{"self":[{"href":"https:\/\/easylearning.eu\/en\/wp-json\/wp\/v2\/pages\/3075","targetHints":{"allow":["GET"]}}],"collection":[{"href":"https:\/\/easylearning.eu\/en\/wp-json\/wp\/v2\/pages"}],"about":[{"href":"https:\/\/easylearning.eu\/en\/wp-json\/wp\/v2\/types\/page"}],"author":[{"embeddable":true,"href":"https:\/\/easylearning.eu\/en\/wp-json\/wp\/v2\/users\/25359"}],"replies":[{"embeddable":true,"href":"https:\/\/easylearning.eu\/en\/wp-json\/wp\/v2\/comments?post=3075"}],"version-history":[{"count":49,"href":"https:\/\/easylearning.eu\/en\/wp-json\/wp\/v2\/pages\/3075\/revisions"}],"predecessor-version":[{"id":3243,"href":"https:\/\/easylearning.eu\/en\/wp-json\/wp\/v2\/pages\/3075\/revisions\/3243"}],"wp:attachment":[{"href":"https:\/\/easylearning.eu\/en\/wp-json\/wp\/v2\/media?parent=3075"}],"curies":[{"name":"wp","href":"https:\/\/api.w.org\/{rel}","templated":true}]}}